{"id":14,"date":"2026-04-07T20:39:59","date_gmt":"2026-04-07T20:39:59","guid":{"rendered":"https:\/\/web.kocko-svetr.websites.digitalwish.cz\/?page_id=14"},"modified":"2026-04-07T21:17:33","modified_gmt":"2026-04-07T21:17:33","slug":"rady-a-navody","status":"publish","type":"page","link":"https:\/\/web.kocko-svetr.websites.digitalwish.cz\/?page_id=14","title":{"rendered":"Rady a n\u00e1vody"},"content":{"rendered":"\t\t<div data-elementor-type=\"wp-page\" data-elementor-id=\"14\" class=\"elementor elementor-14\">\n\t\t\t\t<div class=\"elementor-element elementor-element-eded814 e-flex e-con-boxed e-con e-parent\" data-id=\"eded814\" data-element_type=\"container\" data-e-type=\"container\">\n\t\t\t\t\t<div class=\"e-con-inner\">\n\t\t\t\t\t\t\t<h2 \n\t\tdata-interaction-id=\"13b90eb\" \n\t\tclass=\"e-13b90eb-771dc25 e-heading-base\" \n\t\t \n\t\t\n\t>\n\t\n\t\t\tJak upl\u00e9st prvn\u00ed svetr pro ko\u010dku\n\t\t<\/h2>\n\t\t\t\t\t\t\t\t<p class=\"e-303c725-10e7f3a e-paragraph-base\" data-interaction-id=\"303c725\"  >\n\t\t\t\t\t\t\t\tPr\u016fvodce pro \u00fapln\u00e9 za\u010d\u00e1te\u010dn\u00edky<br>M\u00e1te doma ko\u010di\u010d\u00edho par\u0165\u00e1ka, kter\u00fd si potrp\u00ed na pohodl\u00ed, nebo prost\u011b jen chcete vytvo\u0159it n\u011bco unik\u00e1tn\u00edho vlastn\u00edma rukama? Pleten\u00ed svetru pro ko\u010dku je skv\u011bl\u00fd zp\u016fsob, jak spojit kreativn\u00ed relaxaci s praktick\u00fdm d\u00e1rkem, kter\u00fd va\u0161eho mazl\u00ed\u010dka zah\u0159eje i v t\u011bch nejchladn\u011bj\u0161\u00edch dnech. V tomto \u010dl\u00e1nku v\u00e1s provedeme z\u00e1klady od v\u00fdb\u011bru spr\u00e1vn\u00e9 vlny a\u017e po fin\u00e1ln\u00ed \u00fapravy, abyste se do pleten\u00ed mohli pustit s jistotou a radost\u00ed.\n\t\t\t\t\t<\/p>\n\t\t\t\t\t\t\t<h2 \n\t\tdata-interaction-id=\"2be2dfc\" \n\t\tclass=\"e-2be2dfc-f4ae487 e-heading-base\" \n\t\t \n\t\t\n\t>\n\t\n\t\t\tV\u00fdb\u011br materi\u00e1lu je kl\u00ed\u010dem k \u00fasp\u011bchu\n\t\t<\/h2>\n\t\t\t\t\t\t\t\t<p class=\"e-a6189ad-36a2afd e-paragraph-base\" data-interaction-id=\"a6189ad\"  >\n\t\t\t\t\t\t\t\tP\u0159edt\u00edm, ne\u017e poprv\u00e9 nahod\u00edte oka na jehlice, mus\u00edte zvolit spr\u00e1vnou p\u0159\u00edzi. Ko\u010di\u010d\u00ed k\u016f\u017ee je velmi citliv\u00e1, proto zapome\u0148te na kousavou vlnu a s\u00e1hn\u011bte po materi\u00e1lech, kter\u00e9 jsou jemn\u00e9, hypoalergenn\u00ed a snadno prateln\u00e9. Pro za\u010d\u00e1te\u010dn\u00edky je ide\u00e1ln\u00ed volbou merino vlna nebo sm\u011bs bavlny a bambusu, kter\u00e9 zajist\u00ed prody\u0161nost a maxim\u00e1ln\u00ed komfort.\n\t\t\t\t\t<\/p>\n\t\t\t\t\t\t\t<h2 \n\t\tdata-interaction-id=\"2d9a575\" \n\t\tclass=\"e-2d9a575-f98f46f e-heading-base\" \n\t\t \n\t\t\n\t>\n\t\n\t\t\tP\u0159i n\u00e1kupu v na\u0161em e-shopu se zam\u011b\u0159te na n\u00e1sleduj\u00edc\u00ed vlastnosti\n\t\t<\/h2>\n\t\t\t\t\t\t\t\t<p class=\"e-79568fe-ca35acf e-paragraph-base\" data-interaction-id=\"79568fe\"  >\n\t\t\t\t\t\t\t\tAtestace pro d\u011bti a zv\u00ed\u0159ata: M\u00e1te jistotu, \u017ee vl\u00e1kno neobsahuje toxick\u00e1 barviva\n\t\t\t\t\t<\/p>\n\t\t\t\t\t<\/div>\n\t\t\t\t<\/div>\n\t\t\t\t<\/div>\n\t\t","protected":false},"excerpt":{"rendered":"<p>Jak upl\u00e9st prvn\u00ed svetr pro ko\u010dku Pr\u016fvodce pro \u00fapln\u00e9 za\u010d\u00e1te\u010dn\u00edkyM\u00e1te doma ko\u010di\u010d\u00edho par\u0165\u00e1ka, kter\u00fd si potrp\u00ed na pohodl\u00ed, nebo prost\u011b jen chcete vytvo\u0159it n\u011bco unik\u00e1tn\u00edho vlastn\u00edma rukama? Pleten\u00ed svetru pro &#8230;<\/p>\n","protected":false},"author":1,"featured_media":0,"parent":0,"menu_order":0,"comment_status":"closed","ping_status":"closed","template":"","meta":{"footnotes":""},"class_list":["post-14","page","type-page","status-publish","hentry"],"_links":{"self":[{"href":"https:\/\/web.kocko-svetr.websites.digitalwish.cz\/index.php?rest_route=\/wp\/v2\/pages\/14","targetHints":{"allow":["GET"]}}],"collection":[{"href":"https:\/\/web.kocko-svetr.websites.digitalwish.cz\/index.php?rest_route=\/wp\/v2\/pages"}],"about":[{"href":"https:\/\/web.kocko-svetr.websites.digitalwish.cz\/index.php?rest_route=\/wp\/v2\/types\/page"}],"author":[{"embeddable":true,"href":"https:\/\/web.kocko-svetr.websites.digitalwish.cz\/index.php?rest_route=\/wp\/v2\/users\/1"}],"replies":[{"embeddable":true,"href":"https:\/\/web.kocko-svetr.websites.digitalwish.cz\/index.php?rest_route=%2Fwp%2Fv2%2Fcomments&post=14"}],"version-history":[{"count":8,"href":"https:\/\/web.kocko-svetr.websites.digitalwish.cz\/index.php?rest_route=\/wp\/v2\/pages\/14\/revisions"}],"predecessor-version":[{"id":48,"href":"https:\/\/web.kocko-svetr.websites.digitalwish.cz\/index.php?rest_route=\/wp\/v2\/pages\/14\/revisions\/48"}],"wp:attachment":[{"href":"https:\/\/web.kocko-svetr.websites.digitalwish.cz\/index.php?rest_route=%2Fwp%2Fv2%2Fmedia&parent=14"}],"curies":[{"name":"wp","href":"https:\/\/api.w.org\/{rel}","templated":true}]}}