{"id":7,"date":"2026-04-07T20:34:40","date_gmt":"2026-04-07T20:34:40","guid":{"rendered":"https:\/\/web.kocko-svetr.websites.digitalwish.cz\/?page_id=7"},"modified":"2026-04-07T21:00:52","modified_gmt":"2026-04-07T21:00:52","slug":"homepage","status":"publish","type":"page","link":"https:\/\/web.kocko-svetr.websites.digitalwish.cz\/","title":{"rendered":"Dom\u016f"},"content":{"rendered":"\t\t<div data-elementor-type=\"wp-post\" data-elementor-id=\"7\" class=\"elementor elementor-7\">\n\t\t\t\t<div class=\"elementor-element elementor-element-7c7039f e-flex e-con-boxed e-con e-parent\" data-id=\"7c7039f\" data-element_type=\"container\" data-e-type=\"container\">\n\t\t\t\t\t<div class=\"e-con-inner\">\n\t\t\t\t<div class=\"elementor-element elementor-element-ae1e6f8 e-con e-atomic-element e-div-block-base e-ae1e6f8-3d19303\" data-id=\"ae1e6f8\" data-element_type=\"e-div-block\" data-e-type=\"e-div-block\" data-interaction-id=\"ae1e6f8\">\n\t\t\t\t<div class=\"elementor-element elementor-element-92a0592 e-con e-atomic-element e-div-block-base\" data-id=\"92a0592\" data-element_type=\"e-div-block\" data-e-type=\"e-div-block\" data-interaction-id=\"92a0592\">\n\t\t\t\t\t\t\t\t<p class=\"e-0cf1889-22c3762 e-paragraph-base\" data-interaction-id=\"0cf1889\"  >\n\t\t\t\t\t\t\t\t<strong id=\"e-mnp3bsbu-l8lsv2j\">Ru\u010dn\u011b vyrobeno s l\u00e1skou<\/strong>\n\t\t\t\t\t<\/p>\n\t\t\t\t<\/div>\n\t\t\t\t<div class=\"elementor-element elementor-element-1ed972f e-con e-atomic-element e-div-block-base e-1ed972f-10ccaca\" data-id=\"1ed972f\" data-element_type=\"e-div-block\" data-e-type=\"e-div-block\" data-interaction-id=\"1ed972f\">\n\t\t\t\t\t\t\t<h2 \n\t\tdata-interaction-id=\"432203e\" \n\t\tclass=\"e-432203e-859cbf4 e-heading-base\" \n\t\t \n\t\t\n\t>\n\t\n\t\t\t<strong id=\"e-mnp3b7wc-lsihizi\">Teplo pro va\u0161i ko\u010di\u010dku<\/strong>\n\t\t<\/h2>\n\t\t\t\t\t\t\t\t<p class=\"e-ed61e29-1333872 e-paragraph-base\" data-interaction-id=\"ed61e29\"  >\n\t\t\t\t\t\t\t\tH\u00e1\u010dkujeme svetry na m\u00edru z p\u0159\u00edrodn\u00ed merino vlny. Ka\u017ed\u00fd kus je origin\u00e1l \u2014 bezpe\u010dn\u00fd, m\u011bkk\u00fd a stylov\u00fd.\n\t\t\t\t\t<\/p>\n\t\t\t\t<\/div>\n\t\t\t\t<div class=\"elementor-element elementor-element-ca131ea e-con e-atomic-element e-div-block-base e-ca131ea-236bd20\" data-id=\"ca131ea\" data-element_type=\"e-div-block\" data-e-type=\"e-div-block\" data-interaction-id=\"ca131ea\">\n\t\t\t\t\t    \t            <button class=\"e-27d49a1-c5fefd8 e-button-base\" data-interaction-id=\"27d49a1\"  >\n            Prohl\u00e9dnout modely\n        <\/button>\n    \t\t\t\t\t    \t            <button class=\"e-da6d418-9115eab e-button-base\" data-interaction-id=\"da6d418\"  >\n            Jak objednat\n        <\/button>\n    \t\t\t\t<\/div>\n\t\t\t\t<\/div>\n\t\t\t\t<div class=\"elementor-element elementor-element-f2f047e e-con e-atomic-element e-div-block-base e-f2f047e-d490cf3\" data-id=\"f2f047e\" data-element_type=\"e-div-block\" data-e-type=\"e-div-block\" data-interaction-id=\"f2f047e\">\n\t\t\t\t\t\t\t\n\t\t<img class=\"e-image-base e-9503233-998a1d5\" \n\t\t\t\t\tdata-interaction-id=\"9503233\" \n\t\t \n\t\t \n\t\t\t\t\t\t\t\t\tid=\"30\"\n\t\t\t\t\t\t\t\t\t\t\t\tsrc=\"https:\/\/web.kocko-svetr.websites.digitalwish.cz\/wp-content\/uploads\/2026\/04\/WhatsApp-Image-2026-04-07-at-22.57.07.jpeg\"\n\t\t\t\t\t\t\t\t\t\t\t\twidth=\"736\"\n\t\t\t\t\t\t\t\t\t\t\t\theight=\"736\"\n\t\t\t\t\t\t\t\t\t\t\t\tsrcset=\"https:\/\/web.kocko-svetr.websites.digitalwish.cz\/wp-content\/uploads\/2026\/04\/WhatsApp-Image-2026-04-07-at-22.57.07.jpeg 736w, https:\/\/web.kocko-svetr.websites.digitalwish.cz\/wp-content\/uploads\/2026\/04\/WhatsApp-Image-2026-04-07-at-22.57.07-300x300.jpeg 300w, https:\/\/web.kocko-svetr.websites.digitalwish.cz\/wp-content\/uploads\/2026\/04\/WhatsApp-Image-2026-04-07-at-22.57.07-150x150.jpeg 150w\"\n\t\t\t\t\t\t\t\t\t\t\t\talt=\"\"\n\t\t\t\t\t\t\/>\n\t\t\t\t\t<\/div>\n\t\t\t\t\t<\/div>\n\t\t\t\t<\/div>\n\t\t\t\t<\/div>\n\t\t","protected":false},"excerpt":{"rendered":"<p>Ru\u010dn\u011b vyrobeno s l\u00e1skou Teplo pro va\u0161i ko\u010di\u010dku H\u00e1\u010dkujeme svetry na m\u00edru z p\u0159\u00edrodn\u00ed merino vlny. Ka\u017ed\u00fd kus je origin\u00e1l \u2014 bezpe\u010dn\u00fd, m\u011bkk\u00fd a stylov\u00fd. Prohl\u00e9dnout modely Jak objednat<\/p>\n","protected":false},"author":1,"featured_media":0,"parent":0,"menu_order":0,"comment_status":"closed","ping_status":"closed","template":"","meta":{"footnotes":""},"class_list":["post-7","page","type-page","status-publish","hentry"],"_links":{"self":[{"href":"https:\/\/web.kocko-svetr.websites.digitalwish.cz\/index.php?rest_route=\/wp\/v2\/pages\/7","targetHints":{"allow":["GET"]}}],"collection":[{"href":"https:\/\/web.kocko-svetr.websites.digitalwish.cz\/index.php?rest_route=\/wp\/v2\/pages"}],"about":[{"href":"https:\/\/web.kocko-svetr.websites.digitalwish.cz\/index.php?rest_route=\/wp\/v2\/types\/page"}],"author":[{"embeddable":true,"href":"https:\/\/web.kocko-svetr.websites.digitalwish.cz\/index.php?rest_route=\/wp\/v2\/users\/1"}],"replies":[{"embeddable":true,"href":"https:\/\/web.kocko-svetr.websites.digitalwish.cz\/index.php?rest_route=%2Fwp%2Fv2%2Fcomments&post=7"}],"version-history":[{"count":21,"href":"https:\/\/web.kocko-svetr.websites.digitalwish.cz\/index.php?rest_route=\/wp\/v2\/pages\/7\/revisions"}],"predecessor-version":[{"id":39,"href":"https:\/\/web.kocko-svetr.websites.digitalwish.cz\/index.php?rest_route=\/wp\/v2\/pages\/7\/revisions\/39"}],"wp:attachment":[{"href":"https:\/\/web.kocko-svetr.websites.digitalwish.cz\/index.php?rest_route=%2Fwp%2Fv2%2Fmedia&parent=7"}],"curies":[{"name":"wp","href":"https:\/\/api.w.org\/{rel}","templated":true}]}}